{"id":17,"date":"2021-03-22T00:39:03","date_gmt":"2021-03-22T00:39:03","guid":{"rendered":"https:\/\/mesi-electric.com.mx\/?page_id=17"},"modified":"2026-03-26T02:23:42","modified_gmt":"2026-03-26T02:23:42","slug":"servicios","status":"publish","type":"page","link":"https:\/\/mesi-electric.com.mx\/index.php\/servicios\/","title":{"rendered":"Productos y Servicios"},"content":{"rendered":"\n<h2 class=\"wp-block-heading has-text-color has-link-color wp-elements-69574e7b49404a2c10ffcb9bc0239f1c\" style=\"color:#053d74\"><strong>Todos nuestros productos y servicios se rigen bajo la normativa mexicana sobre instalaciones el\u00e9ctricas<\/strong>.<\/h2>\n\n\n\n<div class=\"wp-block-columns is-layout-flex wp-container-core-columns-is-layout-9d6595d7 wp-block-columns-is-layout-flex\">\n<div class=\"wp-block-column is-layout-flow wp-block-column-is-layout-flow\" style=\"flex-basis:100%\">\n<div class=\"wp-block-columns is-layout-flex wp-container-core-columns-is-layout-9d6595d7 wp-block-columns-is-layout-flex\">\n<div class=\"wp-block-column is-layout-flow wp-block-column-is-layout-flow\">\n<figure class=\"wp-block-image size-full\"><img loading=\"lazy\" decoding=\"async\" width=\"444\" height=\"515\" src=\"https:\/\/mesi-electric.com.mx\/wp-content\/uploads\/2022\/01\/Servicios-Rack.jpg\" alt=\"\" class=\"wp-image-281\" srcset=\"https:\/\/mesi-electric.com.mx\/wp-content\/uploads\/2022\/01\/Servicios-Rack.jpg 444w, https:\/\/mesi-electric.com.mx\/wp-content\/uploads\/2022\/01\/Servicios-Rack-259x300.jpg 259w\" sizes=\"auto, (max-width: 444px) 100vw, 444px\" \/><\/figure>\n<\/div>\n\n\n\n<div class=\"wp-block-column is-layout-flow wp-block-column-is-layout-flow\">\n<ul class=\"wp-block-list\">\n<li><strong>ASESOR\u00cdA.<\/strong><br>Brindamos asesor\u00eda en <strong>instalaciones el\u00e9ctricas<\/strong> de baja y mediana tensi\u00f3n, en <strong>ahorro y calidad<\/strong> de energ\u00eda el\u00e9ctrica, en <strong>sistemas de respaldo<\/strong> de energ\u00eda el\u00e9ctrica de corriente alterna y corriente directa, asesor\u00eda en sistemas de <strong>tierra f\u00edsica<\/strong>, entre otros.<\/li>\n\n\n\n<li><strong>CURSOS.<br><\/strong>Impartimos cursos de <strong>capacitacion<\/strong> en <strong>electricidad b\u00e1sica<\/strong>, <strong>instalaciones<\/strong> y <strong>mantenimiento<\/strong> el\u00e9ctrico, tipos de <strong>arrancadores<\/strong>, <strong>control industrial<\/strong>, <strong>neum\u00e1tica<\/strong>, electricidad est\u00e1tica en los centros de trabajo y condiciones de <strong>seguridad<\/strong>.<\/li>\n\n\n\n<li><strong>INSTALACI\u00d3N.<br><\/strong>Realizamos instalaciones el\u00e9ctricas en <strong>baja y mediana tensi\u00f3n<\/strong>.<\/li>\n\n\n\n<li><strong>PROYECTOS.<br><\/strong>Ofrecemos <strong>gesti\u00f3n de proyectos<\/strong> el\u00e9ctricos en baja y mediana tensi\u00f3n; en ahorro y calidad de energ\u00eda el\u00e9ctrica; en respaldo de energ\u00eda de corriente alterna y corriente directa; en sistemas de tierra f\u00edsica y en sistemas de pararrayos.<\/li>\n\n\n\n<li><strong>MANTENIMIENTO.<br><\/strong>Realizamos <strong>reparaci\u00f3n y mantenimiento preventivo<\/strong> de maquinaria y equipo industrial, de media y baja tensi\u00f3n.<\/li>\n\n\n\n<li><strong>CONTROL Y AUTOMATIZACI\u00d3N.<br><\/strong>Desarrollamos <strong>tableros<\/strong> de control y automatizaci\u00f3n para los procesos en manejo de material, ahorro de energ\u00eda el\u00e9ctrica y control de bombas; tambi\u00e9n <strong>impartimos<\/strong> la <strong>capacitaci\u00f3n<\/strong> adecuada para su operaci\u00f3n.<\/li>\n<\/ul>\n<\/div>\n<\/div>\n\n\n\n<div class=\"wp-block-columns is-layout-flex wp-container-core-columns-is-layout-9d6595d7 wp-block-columns-is-layout-flex\">\n<div class=\"wp-block-column is-layout-flow wp-block-column-is-layout-flow\">\n<figure class=\"wp-block-image size-full\"><img loading=\"lazy\" decoding=\"async\" width=\"470\" height=\"532\" src=\"https:\/\/mesi-electric.com.mx\/wp-content\/uploads\/2026\/03\/image_2026-03-25_195312618.png\" alt=\"\" class=\"wp-image-346\" srcset=\"https:\/\/mesi-electric.com.mx\/wp-content\/uploads\/2026\/03\/image_2026-03-25_195312618.png 470w, https:\/\/mesi-electric.com.mx\/wp-content\/uploads\/2026\/03\/image_2026-03-25_195312618-265x300.png 265w\" sizes=\"auto, (max-width: 470px) 100vw, 470px\" \/><\/figure>\n<\/div>\n\n\n\n<div class=\"wp-block-column is-layout-flow wp-block-column-is-layout-flow\">\n<ul class=\"wp-block-list\">\n<li><strong>TRANSFORMADORES<\/strong><br>De corriente, potencia y control.<\/li>\n\n\n\n<li><strong>UPS<\/strong>, <strong>plantas <\/strong>de fuerza, <strong>reguladores<\/strong> de voltaje y <strong>estabilizadores<\/strong>.<\/li>\n\n\n\n<li><strong><strong>Centros de carga <\/strong><\/strong>e <strong><strong>interruptores termomagn\u00e9ticos<\/strong><\/strong>.<\/li>\n\n\n\n<li><strong>Plantas de emergencia.<\/strong><\/li>\n\n\n\n<li><strong>Iluminaci\u00f3n<\/strong>.<\/li>\n\n\n\n<li>Sistemas <strong>fotovoltaicos<\/strong>.<\/li>\n\n\n\n<li><strong>Bater\u00edas<\/strong>.<\/li>\n\n\n\n<li><strong>Tableros de control<\/strong> y <strong>CCM<\/strong>.<\/li>\n\n\n\n<li><strong>Arrancadores<\/strong> electromec\u00e1nicos y <strong>variadores<\/strong> de frecuencia.<\/li>\n\n\n\n<li><strong>Motores<\/strong> el\u00e9ctricos.<\/li>\n\n\n\n<li><strong>Sensores<\/strong>, <strong>temporizadores<\/strong>, <strong>relevadores<\/strong> de control, <strong>botones<\/strong>, <strong>fuentes<\/strong> C.D., <strong>PLC<\/strong>, <strong>gabinetes<\/strong>, <strong>torretas<\/strong>, etc.<\/li>\n\n\n\n<li><strong>Cilindros<\/strong> neum\u00e1ticos, unidades de <strong>mantenimiento<\/strong>, <strong>separador<\/strong> de agua, <strong>v\u00e1lvulas<\/strong>, <strong>compresores<\/strong>, <strong>mangueras<\/strong>, <strong>conexiones<\/strong>, etc.<\/li>\n\n\n\n<li><strong>CARGADORES EL\u00c9CTRICOS<\/strong><br>Para<strong> autos<\/strong> de diversas marcas.<\/li>\n<\/ul>\n<\/div>\n<\/div>\n<\/div>\n<\/div>\n\n\n\n<h2 class=\"wp-block-heading has-text-color has-link-color wp-elements-c29448c4d6e3efe11cacf4f08734075c\" style=\"color:#053d74;text-transform:uppercase\">Marcas que nos respaldan:<\/h2>\n\n\n<div class=\"wp-block-image\">\n<figure class=\"aligncenter size-large\"><img loading=\"lazy\" decoding=\"async\" width=\"1024\" height=\"494\" src=\"https:\/\/mesi-electric.com.mx\/wp-content\/uploads\/2026\/03\/Marcas-1024x494.png\" alt=\"\" class=\"wp-image-348\" srcset=\"https:\/\/mesi-electric.com.mx\/wp-content\/uploads\/2026\/03\/Marcas-1024x494.png 1024w, https:\/\/mesi-electric.com.mx\/wp-content\/uploads\/2026\/03\/Marcas-300x145.png 300w, https:\/\/mesi-electric.com.mx\/wp-content\/uploads\/2026\/03\/Marcas-768x370.png 768w, https:\/\/mesi-electric.com.mx\/wp-content\/uploads\/2026\/03\/Marcas-1536x741.png 1536w, https:\/\/mesi-electric.com.mx\/wp-content\/uploads\/2026\/03\/Marcas.png 1568w\" sizes=\"auto, (max-width: 1024px) 100vw, 1024px\" \/><\/figure>\n<\/div>","protected":false},"excerpt":{"rendered":"<p>Todos nuestros productos y servicios se rigen bajo la normativa mexicana sobre instalaciones el\u00e9ctricas. Marcas que nos respaldan:<\/p>\n","protected":false},"author":1,"featured_media":0,"parent":0,"menu_order":0,"comment_status":"closed","ping_status":"closed","template":"","meta":{"footnotes":""},"class_list":["post-17","page","type-page","status-publish","hentry"],"_links":{"self":[{"href":"https:\/\/mesi-electric.com.mx\/index.php\/wp-json\/wp\/v2\/pages\/17","targetHints":{"allow":["GET"]}}],"collection":[{"href":"https:\/\/mesi-electric.com.mx\/index.php\/wp-json\/wp\/v2\/pages"}],"about":[{"href":"https:\/\/mesi-electric.com.mx\/index.php\/wp-json\/wp\/v2\/types\/page"}],"author":[{"embeddable":true,"href":"https:\/\/mesi-electric.com.mx\/index.php\/wp-json\/wp\/v2\/users\/1"}],"replies":[{"embeddable":true,"href":"https:\/\/mesi-electric.com.mx\/index.php\/wp-json\/wp\/v2\/comments?post=17"}],"version-history":[{"count":32,"href":"https:\/\/mesi-electric.com.mx\/index.php\/wp-json\/wp\/v2\/pages\/17\/revisions"}],"predecessor-version":[{"id":351,"href":"https:\/\/mesi-electric.com.mx\/index.php\/wp-json\/wp\/v2\/pages\/17\/revisions\/351"}],"wp:attachment":[{"href":"https:\/\/mesi-electric.com.mx\/index.php\/wp-json\/wp\/v2\/media?parent=17"}],"curies":[{"name":"wp","href":"https:\/\/api.w.org\/{rel}","templated":true}]}}