{"id":10,"date":"2021-03-22T00:39:03","date_gmt":"2021-03-22T00:39:03","guid":{"rendered":"https:\/\/mesi-electric.com.mx\/?page_id=10"},"modified":"2026-03-25T22:00:34","modified_gmt":"2026-03-25T22:00:34","slug":"nosotros","status":"publish","type":"page","link":"https:\/\/mesi-electric.com.mx\/index.php\/nosotros\/","title":{"rendered":"Nosotros"},"content":{"rendered":"\n<p class=\"has-text-color has-link-color has-medium-font-size wp-elements-a632bfd09f3598cda00c677a71fcc878\" style=\"color:#053d74\">Somos una empresa comprometida con nuestros clientes para brindarles una <strong>atenci\u00f3n profesional<\/strong>.<\/p>\n\n\n\n<p>Tenemos por <strong>objetivo<\/strong> conseguir el cumplimiento de su empresa con las normas solicitadas por las instituciones competentes de gobierno como es Protecci\u00f3n Civil y CFE: <strong>NOM-001-SEDE-2012<\/strong>, <strong>NOM-029-STPS<\/strong>, <strong>NOM-022-STPS-2015<\/strong>, <strong>NOM-009- STPS-2011<\/strong> y <strong>NOM-025-STPS-2008<\/strong>, as\u00ed como <strong>EC0118<\/strong> Y <strong>EC1023<\/strong>, con el fin de cuidar y mantener en condiciones \u00f3ptimas la infraestructura de potencia el\u00e9ctrica para el aseguramiento en la capacidad de producci\u00f3n as\u00ed como la seguridad del personal que est\u00e1 en contacto con dicha infraestructura.<\/p>\n\n\n\n<div class=\"wp-block-query is-layout-flow wp-block-query-is-layout-flow\"><ul class=\"wp-block-post-template is-layout-flow wp-block-post-template-is-layout-flow\"><li class=\"wp-block-post post-39 post type-post status-publish format-standard hentry category-uncategorized\">\n\n<div class=\"wp-block-columns alignwide is-layout-flex wp-container-core-columns-is-layout-9d6595d7 wp-block-columns-is-layout-flex\">\n<div class=\"wp-block-column is-layout-flow wp-block-column-is-layout-flow\" style=\"flex-basis:100%\">\n<ul class=\"wp-block-list\">\n<li>Porque sabemos que las necesidades de cada cliente son particulares, ofrecemos una atenci\u00f3n completamente personalizada.<\/li>\n<\/ul>\n\n\n\n<figure class=\"wp-block-image size-full\"><img loading=\"lazy\" decoding=\"async\" width=\"984\" height=\"350\" src=\"https:\/\/mesi-electric.com.mx\/wp-content\/uploads\/2022\/01\/Nosotros.jpg\" alt=\"\" class=\"wp-image-288\" srcset=\"https:\/\/mesi-electric.com.mx\/wp-content\/uploads\/2022\/01\/Nosotros.jpg 984w, https:\/\/mesi-electric.com.mx\/wp-content\/uploads\/2022\/01\/Nosotros-300x107.jpg 300w, https:\/\/mesi-electric.com.mx\/wp-content\/uploads\/2022\/01\/Nosotros-768x273.jpg 768w\" sizes=\"auto, (max-width: 984px) 100vw, 984px\" \/><\/figure>\n\n\n\n<p><\/p>\n<\/div>\n<\/div>\n\n<\/li><\/ul><\/div>\n","protected":false},"excerpt":{"rendered":"<p>Somos una empresa comprometida con nuestros clientes para brindarles una atenci\u00f3n profesional. Tenemos por objetivo conseguir el cumplimiento de su empresa con las normas solicitadas por las instituciones competentes de gobierno como es Protecci\u00f3n Civil y CFE: NOM-001-SEDE-2012, NOM-029-STPS, NOM-022-STPS-2015, NOM-009- STPS-2011 y NOM-025-STPS-2008, as\u00ed como EC0118 Y EC1023, con el fin de cuidar y [&hellip;]<\/p>\n","protected":false},"author":1,"featured_media":0,"parent":0,"menu_order":0,"comment_status":"closed","ping_status":"closed","template":"","meta":{"footnotes":""},"class_list":["post-10","page","type-page","status-publish","hentry"],"_links":{"self":[{"href":"https:\/\/mesi-electric.com.mx\/index.php\/wp-json\/wp\/v2\/pages\/10","targetHints":{"allow":["GET"]}}],"collection":[{"href":"https:\/\/mesi-electric.com.mx\/index.php\/wp-json\/wp\/v2\/pages"}],"about":[{"href":"https:\/\/mesi-electric.com.mx\/index.php\/wp-json\/wp\/v2\/types\/page"}],"author":[{"embeddable":true,"href":"https:\/\/mesi-electric.com.mx\/index.php\/wp-json\/wp\/v2\/users\/1"}],"replies":[{"embeddable":true,"href":"https:\/\/mesi-electric.com.mx\/index.php\/wp-json\/wp\/v2\/comments?post=10"}],"version-history":[{"count":15,"href":"https:\/\/mesi-electric.com.mx\/index.php\/wp-json\/wp\/v2\/pages\/10\/revisions"}],"predecessor-version":[{"id":314,"href":"https:\/\/mesi-electric.com.mx\/index.php\/wp-json\/wp\/v2\/pages\/10\/revisions\/314"}],"wp:attachment":[{"href":"https:\/\/mesi-electric.com.mx\/index.php\/wp-json\/wp\/v2\/media?parent=10"}],"curies":[{"name":"wp","href":"https:\/\/api.w.org\/{rel}","templated":true}]}}